{"id":6088,"date":"2025-10-31T23:49:02","date_gmt":"2025-10-31T23:49:02","guid":{"rendered":"https:\/\/vtctenis.com\/?page_id=6088"},"modified":"2025-10-31T23:59:42","modified_gmt":"2025-10-31T23:59:42","slug":"ultimo-tiebreak-by-vtc","status":"publish","type":"page","link":"https:\/\/vtctenis.com\/index.php\/ultimo-tiebreak-by-vtc\/","title":{"rendered":"\u00daltimo Tiebreak by VTC"},"content":{"rendered":"<div class=\"wpb-content-wrapper\"><p>[vc_row][vc_column]<div class=\"mrbara-about-2 \">\n\t\t\t\t<div class=\"row\">\n\t\t\t\t\t<div class=\"col-md-1 col-sm-1 col-xs-2 col-xs-offset-1 col-md-offset-1 col-sm-offset-1 col-left\">\n\t\t\t\t\t\t<span class=\"mr-verticle-line\"><\/span>\n\t\t\t\t\t<\/div>\n\t\t\t\t\t<div class=\"col-md-6 col-sm-6 col-xs-8 col-xs-offset-1 col-md-offset-2 col-sm-offset-2 col-right\"><div class=\"about-content\"><div class=\"sub-title\">Nuestro Programa<\/div><div class=\"title\"><p>\u00daltimo Tiebreak<br \/>\nby VTC<\/p>\n<\/div><div class=\"desc\">El an\u00e1lisis profundo que el tenis se merece. Cada semana, te ofrecemos un podcast riguroso y profesional que disecciona el acontecer del circuito nacional e internacional. Abordamos desde los resultados m\u00e1s recientes en los Grand Slams y Masters hasta el desarrollo de las promesas locales, siempre con una perspectiva seria y fundamentada. Adem\u00e1s, contaremos con la participaci\u00f3n de invitados clave (jugadores, entrenadores, periodistas o agentes) cuyas historias y conocimientos nos permitir\u00e1n explorar el tenis en 360 grados, revelando tanto la exigencia de la competencia dentro de la cancha como las complejidades y el backstage que la rodean. Si buscas el debate ten\u00edstico m\u00e1s completo y experto, este es tu lugar.<\/div><div class=\"about-img\"><img decoding=\"async\" alt=\"6112\" src=\"https:\/\/vtctenis.com\/wp-content\/uploads\/2025\/10\/LOGO-TIEBREAK.png\"><\/div><\/div><\/div>\n\t\t\t\t<\/div>\n\t\t\t<\/div>[\/vc_column][\/vc_row][vc_row css=\u00bb.vc_custom_1466151879036{padding-top: 170px !important;}\u00bb][vc_column]<div class=\"mrbara-heading    text-small letter-spacing-large heading-style6\"><div class=\"row\"><div class=\"col-md-1 col-sm-1 col-xs-2 col-xs-offset-1 col-md-offset-1 col-sm-offset-1 col-left\"><div class=\"mr-vertical-line\" ><\/div><\/div><div class=\"col-md-8 col-sm-8 col-xs-8 col-xs-offset-1 col-md-offset-2 col-sm-offset-2 col-right\"><div class=\"title\" style=\"font-size:16px;font-weight:600;letter-spacing:10px\"><p>NUESTRO EQUIPO<\/p>\n<\/div><\/div><\/div><\/div>[\/vc_column][\/vc_row][vc_row full_width=\u00bbstretch_row_content_no_spaces\u00bb css=\u00bb.vc_custom_1468572789427{padding-top: 55px !important;}\u00bb][vc_column][vc_single_image image=\u00bb6105&#8243; img_size=\u00bbfull\u00bb alignment=\u00bbcenter\u00bb css=\u00bb\u00bb][\/vc_column][\/vc_row][vc_row css=\u00bb.vc_custom_1466585663000{padding-top: 160px !important;}\u00bb][vc_column]<div class=\"mrbara-team \">\n                            <div class=\"container\">\n                                <div class=\"row\">\n                                     <div class=\"col-md-4 col-sm-6 col-xs-6\">\n                    <div class=\"team-item\">\n\t\t\t\t\t\t<a href=\"https:\/\/vtctenis.com\/index.php\/member\/jorge-vidal\/\" class=\"team-img\"><img loading=\"lazy\" decoding=\"async\" width=\"300\" height=\"300\" src=\"https:\/\/vtctenis.com\/wp-content\/uploads\/2016\/06\/PERSONAJES-05-300x300.jpg\" class=\"attachment-team-member size-team-member wp-post-image\" alt=\"\" srcset=\"https:\/\/vtctenis.com\/wp-content\/uploads\/2016\/06\/PERSONAJES-05-300x300.jpg 300w, https:\/\/vtctenis.com\/wp-content\/uploads\/2016\/06\/PERSONAJES-05-150x150.jpg 150w, https:\/\/vtctenis.com\/wp-content\/uploads\/2016\/06\/PERSONAJES-05-100x100.jpg 100w, https:\/\/vtctenis.com\/wp-content\/uploads\/2016\/06\/PERSONAJES-05.jpg 400w\" sizes=\"auto, (max-width: 300px) 100vw, 300px\" \/><\/a>\n\t\t\t\t\t\t<div class=\"team-content\">\n\t\t\t\t\t\t\t<a href=\"https:\/\/vtctenis.com\/index.php\/member\/jorge-vidal\/\" class=\"t-name\" >Jorge Vidal<\/a>\n\t\t\t\t\t\t\t<span class=\"t-job\">\u00daltimo Tiebreak<\/span>\n\t\t\t\t\t\t<\/div>\n\t\t\t\t    <\/div>\n\t\t\t\t <\/div><!-- end team -->\n\t\t\t\t\n                                <\/div>\n                            <\/div>\n                        <\/div>[\/vc_column][\/vc_row]<\/p>\n<\/div>","protected":false},"excerpt":{"rendered":"<p>[vc_row][vc_column][\/vc_column][\/vc_row][vc_row css=\u00bb.vc_custom_1466151879036{padding-top: 170px !important;}\u00bb][vc_column][\/vc_column][\/vc_row][vc_row full_width=\u00bbstretch_row_content_no_spaces\u00bb css=\u00bb.vc_custom_1468572789427{padding-top: 55px !important;}\u00bb][vc_column][vc_single_image image=\u00bb6105&#8243; img_size=\u00bbfull\u00bb alignment=\u00bbcenter\u00bb css=\u00bb\u00bb][\/vc_column][\/vc_row][vc_row css=\u00bb.vc_custom_1466585663000{padding-top: 160px !important;}\u00bb][vc_column][\/vc_column][\/vc_row]<\/p>\n","protected":false},"author":1,"featured_media":0,"parent":0,"menu_order":0,"comment_status":"closed","ping_status":"closed","template":"template-full-width.php","meta":{"footnotes":""},"class_list":["post-6088","page","type-page","status-publish","hentry"],"yoast_head":"<!-- This site is optimized with the Yoast SEO plugin v27.2 - https:\/\/yoast.com\/product\/yoast-seo-wordpress\/ -->\n<title>\u00daltimo Tiebreak by VTC - VTC<\/title>\n<meta name=\"robots\" content=\"index, follow, max-snippet:-1, max-image-preview:large, max-video-preview:-1\" \/>\n<link rel=\"canonical\" href=\"https:\/\/vtctenis.com\/index.php\/ultimo-tiebreak-by-vtc\/\" \/>\n<meta property=\"og:locale\" content=\"es_ES\" \/>\n<meta property=\"og:type\" content=\"article\" \/>\n<meta property=\"og:title\" content=\"\u00daltimo Tiebreak by VTC - VTC\" \/>\n<meta property=\"og:description\" content=\"[vc_row][vc_column][\/vc_column][\/vc_row][vc_row css=\u00bb.vc_custom_1466151879036{padding-top: 170px !important;}\u00bb][vc_column][\/vc_column][\/vc_row][vc_row full_width=\u00bbstretch_row_content_no_spaces\u00bb css=\u00bb.vc_custom_1468572789427{padding-top: 55px !important;}\u00bb][vc_column][vc_single_image image=\u00bb6105&#8243; img_size=\u00bbfull\u00bb alignment=\u00bbcenter\u00bb css=\u00bb\u00bb][\/vc_column][\/vc_row][vc_row css=\u00bb.vc_custom_1466585663000{padding-top: 160px !important;}\u00bb][vc_column][\/vc_column][\/vc_row]\" \/>\n<meta property=\"og:url\" content=\"https:\/\/vtctenis.com\/index.php\/ultimo-tiebreak-by-vtc\/\" \/>\n<meta property=\"og:site_name\" content=\"VTC\" \/>\n<meta property=\"article:modified_time\" content=\"2025-10-31T23:59:42+00:00\" \/>\n<meta name=\"twitter:card\" content=\"summary_large_image\" \/>\n<meta name=\"twitter:label1\" content=\"Tiempo de lectura\" \/>\n\t<meta name=\"twitter:data1\" content=\"2 minutos\" \/>\n<script type=\"application\/ld+json\" class=\"yoast-schema-graph\">{\"@context\":\"https:\/\/schema.org\",\"@graph\":[{\"@type\":\"WebPage\",\"@id\":\"https:\/\/vtctenis.com\/index.php\/ultimo-tiebreak-by-vtc\/\",\"url\":\"https:\/\/vtctenis.com\/index.php\/ultimo-tiebreak-by-vtc\/\",\"name\":\"\u00daltimo Tiebreak by VTC - VTC\",\"isPartOf\":{\"@id\":\"https:\/\/vtctenis.com\/#website\"},\"datePublished\":\"2025-10-31T23:49:02+00:00\",\"dateModified\":\"2025-10-31T23:59:42+00:00\",\"breadcrumb\":{\"@id\":\"https:\/\/vtctenis.com\/index.php\/ultimo-tiebreak-by-vtc\/#breadcrumb\"},\"inLanguage\":\"es\",\"potentialAction\":[{\"@type\":\"ReadAction\",\"target\":[\"https:\/\/vtctenis.com\/index.php\/ultimo-tiebreak-by-vtc\/\"]}]},{\"@type\":\"BreadcrumbList\",\"@id\":\"https:\/\/vtctenis.com\/index.php\/ultimo-tiebreak-by-vtc\/#breadcrumb\",\"itemListElement\":[{\"@type\":\"ListItem\",\"position\":1,\"name\":\"Portada\",\"item\":\"https:\/\/vtctenis.com\/\"},{\"@type\":\"ListItem\",\"position\":2,\"name\":\"\u00daltimo Tiebreak by VTC\"}]},{\"@type\":\"WebSite\",\"@id\":\"https:\/\/vtctenis.com\/#website\",\"url\":\"https:\/\/vtctenis.com\/\",\"name\":\"VTC\",\"description\":\"\",\"potentialAction\":[{\"@type\":\"SearchAction\",\"target\":{\"@type\":\"EntryPoint\",\"urlTemplate\":\"https:\/\/vtctenis.com\/?s={search_term_string}\"},\"query-input\":{\"@type\":\"PropertyValueSpecification\",\"valueRequired\":true,\"valueName\":\"search_term_string\"}}],\"inLanguage\":\"es\"}]}<\/script>\n<!-- \/ Yoast SEO plugin. -->","yoast_head_json":{"title":"\u00daltimo Tiebreak by VTC - VTC","robots":{"index":"index","follow":"follow","max-snippet":"max-snippet:-1","max-image-preview":"max-image-preview:large","max-video-preview":"max-video-preview:-1"},"canonical":"https:\/\/vtctenis.com\/index.php\/ultimo-tiebreak-by-vtc\/","og_locale":"es_ES","og_type":"article","og_title":"\u00daltimo Tiebreak by VTC - VTC","og_description":"[vc_row][vc_column][\/vc_column][\/vc_row][vc_row css=\u00bb.vc_custom_1466151879036{padding-top: 170px !important;}\u00bb][vc_column][\/vc_column][\/vc_row][vc_row full_width=\u00bbstretch_row_content_no_spaces\u00bb css=\u00bb.vc_custom_1468572789427{padding-top: 55px !important;}\u00bb][vc_column][vc_single_image image=\u00bb6105&#8243; img_size=\u00bbfull\u00bb alignment=\u00bbcenter\u00bb css=\u00bb\u00bb][\/vc_column][\/vc_row][vc_row css=\u00bb.vc_custom_1466585663000{padding-top: 160px !important;}\u00bb][vc_column][\/vc_column][\/vc_row]","og_url":"https:\/\/vtctenis.com\/index.php\/ultimo-tiebreak-by-vtc\/","og_site_name":"VTC","article_modified_time":"2025-10-31T23:59:42+00:00","twitter_card":"summary_large_image","twitter_misc":{"Tiempo de lectura":"2 minutos"},"schema":{"@context":"https:\/\/schema.org","@graph":[{"@type":"WebPage","@id":"https:\/\/vtctenis.com\/index.php\/ultimo-tiebreak-by-vtc\/","url":"https:\/\/vtctenis.com\/index.php\/ultimo-tiebreak-by-vtc\/","name":"\u00daltimo Tiebreak by VTC - VTC","isPartOf":{"@id":"https:\/\/vtctenis.com\/#website"},"datePublished":"2025-10-31T23:49:02+00:00","dateModified":"2025-10-31T23:59:42+00:00","breadcrumb":{"@id":"https:\/\/vtctenis.com\/index.php\/ultimo-tiebreak-by-vtc\/#breadcrumb"},"inLanguage":"es","potentialAction":[{"@type":"ReadAction","target":["https:\/\/vtctenis.com\/index.php\/ultimo-tiebreak-by-vtc\/"]}]},{"@type":"BreadcrumbList","@id":"https:\/\/vtctenis.com\/index.php\/ultimo-tiebreak-by-vtc\/#breadcrumb","itemListElement":[{"@type":"ListItem","position":1,"name":"Portada","item":"https:\/\/vtctenis.com\/"},{"@type":"ListItem","position":2,"name":"\u00daltimo Tiebreak by VTC"}]},{"@type":"WebSite","@id":"https:\/\/vtctenis.com\/#website","url":"https:\/\/vtctenis.com\/","name":"VTC","description":"","potentialAction":[{"@type":"SearchAction","target":{"@type":"EntryPoint","urlTemplate":"https:\/\/vtctenis.com\/?s={search_term_string}"},"query-input":{"@type":"PropertyValueSpecification","valueRequired":true,"valueName":"search_term_string"}}],"inLanguage":"es"}]}},"_links":{"self":[{"href":"https:\/\/vtctenis.com\/index.php\/wp-json\/wp\/v2\/pages\/6088","targetHints":{"allow":["GET"]}}],"collection":[{"href":"https:\/\/vtctenis.com\/index.php\/wp-json\/wp\/v2\/pages"}],"about":[{"href":"https:\/\/vtctenis.com\/index.php\/wp-json\/wp\/v2\/types\/page"}],"author":[{"embeddable":true,"href":"https:\/\/vtctenis.com\/index.php\/wp-json\/wp\/v2\/users\/1"}],"replies":[{"embeddable":true,"href":"https:\/\/vtctenis.com\/index.php\/wp-json\/wp\/v2\/comments?post=6088"}],"version-history":[{"count":5,"href":"https:\/\/vtctenis.com\/index.php\/wp-json\/wp\/v2\/pages\/6088\/revisions"}],"predecessor-version":[{"id":6113,"href":"https:\/\/vtctenis.com\/index.php\/wp-json\/wp\/v2\/pages\/6088\/revisions\/6113"}],"wp:attachment":[{"href":"https:\/\/vtctenis.com\/index.php\/wp-json\/wp\/v2\/media?parent=6088"}],"curies":[{"name":"wp","href":"https:\/\/api.w.org\/{rel}","templated":true}]}}