{"id":4739,"date":"2016-06-17T09:52:55","date_gmt":"2016-06-17T09:52:55","guid":{"rendered":"http:\/\/demo.drfuri.com\/mrbara13\/?page_id=4739"},"modified":"2025-10-30T19:42:23","modified_gmt":"2025-10-30T19:42:23","slug":"nosotros-vtc-tenis","status":"publish","type":"page","link":"https:\/\/vtctenis.com\/index.php\/nosotros-vtc-tenis\/","title":{"rendered":"Nosotros VTC Tenis"},"content":{"rendered":"<div class=\"wpb-content-wrapper\"><p>[vc_row equal_height=\u00bbyes\u00bb content_placement=\u00bbmiddle\u00bb css=\u00bb.vc_custom_1472618226876{padding-bottom: 150px !important;background-color: #f2f2f2 !important;}\u00bb el_class=\u00bbvc-row-box-shadow\u00bb][vc_column width=\u00bb5\/12&#8243; css=\u00bb.vc_custom_1759637200682{padding-right: 0px !important;background-image: url(https:\/\/vtctenis.com\/wp-content\/uploads\/2025\/10\/vtc-main-nosotros.jpg?id=6066) !important;background-position: center !important;background-repeat: no-repeat !important;background-size: cover !important;}\u00bb][vc_empty_space height=\u00bb700px\u00bb][\/vc_column][vc_column width=\u00bb7\/12&#8243; css=\u00bb.vc_custom_1473393106725{margin-left: -15px !important;padding-top: 30px !important;padding-right: 100px !important;padding-bottom: 49px !important;padding-left: 100px !important;background-color: #ffffff !important;}\u00bb el_class=\u00bbno-padding-mobile no-margin-mobile\u00bb][vc_row_inner][vc_column_inner css=\u00bb.vc_custom_1472625130590{margin-top: 50px !important;}\u00bb]<div class=\"mrbara-about-3 \">\n\t\t\t\t<div class=\"title\"><p>Nosotros<\/p>\n<\/div><div class=\"desc\">VTC Tenis es un medio de comunicaci\u00f3n l\u00edder en el seguimiento del tenis en Chile, el que est\u00e1 dedicado a todo el acontecer tanto chileno como internacional. Nuestra organizaci\u00f3n tiene sus primeros antecedentes en el a\u00f1o 2008, mediante un canal de Youtube,<br \/>\nsin embargo fue en septiembre de 2018 cuando nos acercamos al mundo de las redes sociales con enorme \u00e9xito y desde entonces nos caracterizamos por entregar siempre la m\u00e1s completa cobertura e informaci\u00f3n para tener a nuestros seguidores al tanto<br \/>\nde todas las novedades de diferentes eventos ten\u00edsticos a lo largo de todo el mundo.<\/p>\n<p>Nuestros objetivos son entregar contenido e informaci\u00f3n fidedigna y profesional para ofrecer una mirada refrescante en el mundo del tenis.<\/p>\n<p>Nos enorgullece poder hacer un seguimiento exhaustivo con una amplia gama de contenidos: resultados, entrevistas, noticias, y an\u00e1lisis, siendo de los m\u00e1s respetados del pa\u00eds. En la actualidad contamos con una comunidad que supera los 100 mil seguidores en redes sociales, instaur\u00e1ndonos adem\u00e1s como uno de los medios m\u00e1s importantes de Sudam\u00e9rica.<\/div><div class=\"about-img\"><img decoding=\"async\" alt=\"6076\" src=\"https:\/\/vtctenis.com\/wp-content\/uploads\/2025\/10\/vtc-txt-firma-30.png\"><\/div>\n\t\t\t<\/div>[\/vc_column_inner][\/vc_row_inner][vc_empty_space height=\u00bb90&#8243;]<div class=\"mrbara-heading    text-small heading-style1\"><\/div>[vc_row_inner css=\u00bb.vc_custom_1472625246028{padding-bottom: 50px !important;}\u00bb][vc_column_inner width=\u00bb1\/3&#8243; css=\u00bb.vc_custom_1472625186188{padding-top: 50px !important;}\u00bb]<div class=\"mrbara-counter  counter-style1\" data-step=\"5\">\n                <span class=\"counter-number\">66000<\/span>  <div class=\"counter-title\">Instagram<\/div>\n            <\/div>\n            [\/vc_column_inner][vc_column_inner width=\u00bb1\/3&#8243; css=\u00bb.vc_custom_1472625191372{padding-top: 50px !important;}\u00bb][\/vc_column_inner][vc_column_inner width=\u00bb1\/3&#8243; css=\u00bb.vc_custom_1472625237717{padding-top: 50px !important;}\u00bb][\/vc_column_inner][\/vc_row_inner][\/vc_column][\/vc_row][vc_row css=\u00bb.vc_custom_1466755412338{padding-bottom: 130px !important;background-color: #f2f2f2 !important;}\u00bb][vc_column]<div class=\"mrbara-image-carousel  style-1 image-opacity\"><div class=\"mrbara-owl-list\" id=\"images-carousel-69e1cf42de791\"><div class=\"image-item\"><a href=\"\" target=\"_self\"><img decoding=\"async\" alt=\"6069\"  src=\"https:\/\/vtctenis.com\/wp-content\/uploads\/2025\/10\/amto-150x40.png\"><\/a><\/div><div class=\"image-item\"><a  target=\"_self\"><img decoding=\"async\" alt=\"6070\"  src=\"https:\/\/vtctenis.com\/wp-content\/uploads\/2025\/10\/copa-td-150x40.png\"><\/a><\/div><div class=\"image-item\"><a  target=\"_self\"><img decoding=\"async\" alt=\"6071\"  src=\"https:\/\/vtctenis.com\/wp-content\/uploads\/2025\/10\/logo-out-150x40.png\"><\/a><\/div><div class=\"image-item\"><a  target=\"_self\"><img decoding=\"async\" alt=\"6072\"  src=\"https:\/\/vtctenis.com\/wp-content\/uploads\/2025\/10\/ultimo-tiebreak-vtc-tenis-150x40.png\"><\/a><\/div><\/div><\/div>[\/vc_column][\/vc_row]<\/p>\n<\/div>","protected":false},"excerpt":{"rendered":"<p>[vc_row equal_height=\u00bbyes\u00bb content_placement=\u00bbmiddle\u00bb css=\u00bb.vc_custom_1472618226876{padding-bottom: 150px !important;background-color: #f2f2f2 !important;}\u00bb el_class=\u00bbvc-row-box-shadow\u00bb][vc_column width=\u00bb5\/12&#8243; css=\u00bb.vc_custom_1759637200682{padding-right: 0px !important;background-image: url(https:\/\/vtctenis.com\/wp-content\/uploads\/2025\/10\/vtc-main-nosotros.jpg?id=6066) !important;background-position: center !important;background-repeat: no-repeat !important;background-size: cover !important;}\u00bb][vc_empty_space height=\u00bb700px\u00bb][\/vc_column][vc_column width=\u00bb7\/12&#8243; css=\u00bb.vc_custom_1473393106725{margin-left: -15px !important;padding-top: 30px !important;padding-right: 100px !important;padding-bottom:&hellip;<\/p>\n","protected":false},"author":1,"featured_media":0,"parent":0,"menu_order":0,"comment_status":"closed","ping_status":"closed","template":"template-full-width.php","meta":{"footnotes":""},"class_list":["post-4739","page","type-page","status-publish","hentry"],"yoast_head":"<!-- This site is optimized with the Yoast SEO plugin v27.2 - https:\/\/yoast.com\/product\/yoast-seo-wordpress\/ -->\n<title>Nosotros VTC Tenis - VTC<\/title>\n<meta name=\"robots\" content=\"index, follow, max-snippet:-1, max-image-preview:large, max-video-preview:-1\" \/>\n<link rel=\"canonical\" href=\"https:\/\/vtctenis.com\/index.php\/nosotros-vtc-tenis\/\" \/>\n<meta property=\"og:locale\" content=\"es_ES\" \/>\n<meta property=\"og:type\" content=\"article\" \/>\n<meta property=\"og:title\" content=\"Nosotros VTC Tenis - VTC\" \/>\n<meta property=\"og:description\" content=\"[vc_row equal_height=\u00bbyes\u00bb content_placement=\u00bbmiddle\u00bb css=\u00bb.vc_custom_1472618226876{padding-bottom: 150px !important;background-color: #f2f2f2 !important;}\u00bb el_class=\u00bbvc-row-box-shadow\u00bb][vc_column width=\u00bb5\/12&#8243; css=\u00bb.vc_custom_1759637200682{padding-right: 0px !important;background-image: url(https:\/\/vtctenis.com\/wp-content\/uploads\/2025\/10\/vtc-main-nosotros.jpg?id=6066) !important;background-position: center !important;background-repeat: no-repeat !important;background-size: cover !important;}\u00bb][vc_empty_space height=\u00bb700px\u00bb][\/vc_column][vc_column width=\u00bb7\/12&#8243; css=\u00bb.vc_custom_1473393106725{margin-left: -15px !important;padding-top: 30px !important;padding-right: 100px !important;padding-bottom:&hellip;\" \/>\n<meta property=\"og:url\" content=\"https:\/\/vtctenis.com\/index.php\/nosotros-vtc-tenis\/\" \/>\n<meta property=\"og:site_name\" content=\"VTC\" \/>\n<meta property=\"article:modified_time\" content=\"2025-10-30T19:42:23+00:00\" \/>\n<meta name=\"twitter:card\" content=\"summary_large_image\" \/>\n<meta name=\"twitter:label1\" content=\"Tiempo de lectura\" \/>\n\t<meta name=\"twitter:data1\" content=\"3 minutos\" \/>\n<script type=\"application\/ld+json\" class=\"yoast-schema-graph\">{\"@context\":\"https:\/\/schema.org\",\"@graph\":[{\"@type\":\"WebPage\",\"@id\":\"https:\/\/vtctenis.com\/index.php\/nosotros-vtc-tenis\/\",\"url\":\"https:\/\/vtctenis.com\/index.php\/nosotros-vtc-tenis\/\",\"name\":\"Nosotros VTC Tenis - VTC\",\"isPartOf\":{\"@id\":\"https:\/\/vtctenis.com\/#website\"},\"datePublished\":\"2016-06-17T09:52:55+00:00\",\"dateModified\":\"2025-10-30T19:42:23+00:00\",\"breadcrumb\":{\"@id\":\"https:\/\/vtctenis.com\/index.php\/nosotros-vtc-tenis\/#breadcrumb\"},\"inLanguage\":\"es\",\"potentialAction\":[{\"@type\":\"ReadAction\",\"target\":[\"https:\/\/vtctenis.com\/index.php\/nosotros-vtc-tenis\/\"]}]},{\"@type\":\"BreadcrumbList\",\"@id\":\"https:\/\/vtctenis.com\/index.php\/nosotros-vtc-tenis\/#breadcrumb\",\"itemListElement\":[{\"@type\":\"ListItem\",\"position\":1,\"name\":\"Portada\",\"item\":\"https:\/\/vtctenis.com\/\"},{\"@type\":\"ListItem\",\"position\":2,\"name\":\"Nosotros VTC Tenis\"}]},{\"@type\":\"WebSite\",\"@id\":\"https:\/\/vtctenis.com\/#website\",\"url\":\"https:\/\/vtctenis.com\/\",\"name\":\"VTC\",\"description\":\"\",\"potentialAction\":[{\"@type\":\"SearchAction\",\"target\":{\"@type\":\"EntryPoint\",\"urlTemplate\":\"https:\/\/vtctenis.com\/?s={search_term_string}\"},\"query-input\":{\"@type\":\"PropertyValueSpecification\",\"valueRequired\":true,\"valueName\":\"search_term_string\"}}],\"inLanguage\":\"es\"}]}<\/script>\n<!-- \/ Yoast SEO plugin. -->","yoast_head_json":{"title":"Nosotros VTC Tenis - VTC","robots":{"index":"index","follow":"follow","max-snippet":"max-snippet:-1","max-image-preview":"max-image-preview:large","max-video-preview":"max-video-preview:-1"},"canonical":"https:\/\/vtctenis.com\/index.php\/nosotros-vtc-tenis\/","og_locale":"es_ES","og_type":"article","og_title":"Nosotros VTC Tenis - VTC","og_description":"[vc_row equal_height=\u00bbyes\u00bb content_placement=\u00bbmiddle\u00bb css=\u00bb.vc_custom_1472618226876{padding-bottom: 150px !important;background-color: #f2f2f2 !important;}\u00bb el_class=\u00bbvc-row-box-shadow\u00bb][vc_column width=\u00bb5\/12&#8243; css=\u00bb.vc_custom_1759637200682{padding-right: 0px !important;background-image: url(https:\/\/vtctenis.com\/wp-content\/uploads\/2025\/10\/vtc-main-nosotros.jpg?id=6066) !important;background-position: center !important;background-repeat: no-repeat !important;background-size: cover !important;}\u00bb][vc_empty_space height=\u00bb700px\u00bb][\/vc_column][vc_column width=\u00bb7\/12&#8243; css=\u00bb.vc_custom_1473393106725{margin-left: -15px !important;padding-top: 30px !important;padding-right: 100px !important;padding-bottom:&hellip;","og_url":"https:\/\/vtctenis.com\/index.php\/nosotros-vtc-tenis\/","og_site_name":"VTC","article_modified_time":"2025-10-30T19:42:23+00:00","twitter_card":"summary_large_image","twitter_misc":{"Tiempo de lectura":"3 minutos"},"schema":{"@context":"https:\/\/schema.org","@graph":[{"@type":"WebPage","@id":"https:\/\/vtctenis.com\/index.php\/nosotros-vtc-tenis\/","url":"https:\/\/vtctenis.com\/index.php\/nosotros-vtc-tenis\/","name":"Nosotros VTC Tenis - VTC","isPartOf":{"@id":"https:\/\/vtctenis.com\/#website"},"datePublished":"2016-06-17T09:52:55+00:00","dateModified":"2025-10-30T19:42:23+00:00","breadcrumb":{"@id":"https:\/\/vtctenis.com\/index.php\/nosotros-vtc-tenis\/#breadcrumb"},"inLanguage":"es","potentialAction":[{"@type":"ReadAction","target":["https:\/\/vtctenis.com\/index.php\/nosotros-vtc-tenis\/"]}]},{"@type":"BreadcrumbList","@id":"https:\/\/vtctenis.com\/index.php\/nosotros-vtc-tenis\/#breadcrumb","itemListElement":[{"@type":"ListItem","position":1,"name":"Portada","item":"https:\/\/vtctenis.com\/"},{"@type":"ListItem","position":2,"name":"Nosotros VTC Tenis"}]},{"@type":"WebSite","@id":"https:\/\/vtctenis.com\/#website","url":"https:\/\/vtctenis.com\/","name":"VTC","description":"","potentialAction":[{"@type":"SearchAction","target":{"@type":"EntryPoint","urlTemplate":"https:\/\/vtctenis.com\/?s={search_term_string}"},"query-input":{"@type":"PropertyValueSpecification","valueRequired":true,"valueName":"search_term_string"}}],"inLanguage":"es"}]}},"_links":{"self":[{"href":"https:\/\/vtctenis.com\/index.php\/wp-json\/wp\/v2\/pages\/4739","targetHints":{"allow":["GET"]}}],"collection":[{"href":"https:\/\/vtctenis.com\/index.php\/wp-json\/wp\/v2\/pages"}],"about":[{"href":"https:\/\/vtctenis.com\/index.php\/wp-json\/wp\/v2\/types\/page"}],"author":[{"embeddable":true,"href":"https:\/\/vtctenis.com\/index.php\/wp-json\/wp\/v2\/users\/1"}],"replies":[{"embeddable":true,"href":"https:\/\/vtctenis.com\/index.php\/wp-json\/wp\/v2\/comments?post=4739"}],"version-history":[{"count":9,"href":"https:\/\/vtctenis.com\/index.php\/wp-json\/wp\/v2\/pages\/4739\/revisions"}],"predecessor-version":[{"id":6086,"href":"https:\/\/vtctenis.com\/index.php\/wp-json\/wp\/v2\/pages\/4739\/revisions\/6086"}],"wp:attachment":[{"href":"https:\/\/vtctenis.com\/index.php\/wp-json\/wp\/v2\/media?parent=4739"}],"curies":[{"name":"wp","href":"https:\/\/api.w.org\/{rel}","templated":true}]}}