{"id":2008,"date":"2015-03-19T18:13:22","date_gmt":"2015-03-19T18:13:22","guid":{"rendered":"http:\/\/demo.drfuri.com\/mrbara13\/?page_id=2008"},"modified":"2025-11-01T02:11:02","modified_gmt":"2025-11-01T02:11:02","slug":"contacto-vtc-tenis","status":"publish","type":"page","link":"https:\/\/vtctenis.com\/index.php\/contacto-vtc-tenis\/","title":{"rendered":"Contacto"},"content":{"rendered":"<div class=\"wpb-content-wrapper\"><p>[vc_row css=\u00bb.vc_custom_1468808563451{padding-top: 100px !important;}\u00bb][vc_column]<div class=\"mrbara-heading    vc_custom_1759212233257 text-normal heading-style1\"><div class=\"title\" style=\"font-size:30px\"><p>VTC TENIS<\/p>\n <div class=\"mr-vertical-line\" ><\/div><\/div><\/div>[vc_column_text css=\u00bb\u00bb]VTC Tenis es un medio de comunicaci\u00f3n l\u00edder en el seguimiento del tenis en Chile, el que est\u00e1 dedicado a todo el acontecer tanto chileno como internacional.[\/vc_column_text][\/vc_column][\/vc_row][vc_row css=\u00bb.vc_custom_1468808569147{padding-top: 50px !important;}\u00bb][vc_column width=\u00bb1\/3&#8243; css=\u00bb.vc_custom_1466589569343{padding-top: 45px !important;padding-bottom: 45px !important;padding-left: 80px !important;}\u00bb]<div class=\"mrbara-icon-box-2 \">\n\t\t\t\t<div class=\"b-icon\"><span class=\"icon_mobile\" ><\/span><\/div><div class=\"b-title\">Fono<\/div><div class=\"b-content\"><p>Fono: +562 0000 0000<\/p>\n<\/div>\n\t\t\t<\/div>[\/vc_column][vc_column width=\u00bb1\/3&#8243; css=\u00bb.vc_custom_1466589343936{border-left-width: 1px !important;padding-top: 45px !important;padding-bottom: 45px !important;padding-left: 70px !important;border-left-color: rgba(204,204,204,0.5) !important;border-left-style: solid !important;}\u00bb]<div class=\"mrbara-icon-box-2 \">\n\t\t\t\t<div class=\"b-icon\"><span class=\"ion-ios-location-outline\" ><\/span><\/div><div class=\"b-title\">Direcci\u00f3n<\/div><div class=\"b-content\"><p>Chile<\/p>\n<\/div>\n\t\t\t<\/div>[\/vc_column][vc_column width=\u00bb1\/3&#8243; css=\u00bb.vc_custom_1466589357776{border-left-width: 1px !important;padding-top: 45px !important;padding-bottom: 45px !important;padding-left: 70px !important;border-left-color: rgba(204,204,204,0.5) !important;border-left-style: solid !important;}\u00bb]<div class=\"mrbara-icon-box-2 \">\n\t\t\t\t<div class=\"b-icon\"><span class=\"icon_mail_alt\" ><\/span><\/div><div class=\"b-title\">Email<\/div><div class=\"b-content\"><p><span id=\"account-name_contacto@vtctenis.com\" class=\"account-name collapse-text\">contacto@vtctenis.com<\/span><\/p>\n<\/div>\n\t\t\t<\/div>[\/vc_column][\/vc_row][vc_row css=\u00bb.vc_custom_1468808589114{padding-top: 50px !important;}\u00bb][vc_column]<div class=\"mrbara-heading    vc_custom_1759212275664 text-normal heading-style1\"><div class=\"title\" style=\"font-size:30px\"><p>Ingresa tu mensaje aqu\u00ed<\/p>\n <div class=\"mr-vertical-line\" ><\/div><\/div><\/div>[vc_column_text css=\u00bb\u00bb]Si tienes alguna pregunta, no dudes en enviarnos un mensaje.[\/vc_column_text][\/vc_column][\/vc_row][vc_row css=\u00bb.vc_custom_1468808610243{padding-top: 100px !important;}\u00bb][vc_column]\n<div class=\"wpcf7 no-js\" id=\"wpcf7-f5-o1\" lang=\"es-ES\" dir=\"ltr\" data-wpcf7-id=\"5\">\n<div class=\"screen-reader-response\"><p role=\"status\" aria-live=\"polite\" aria-atomic=\"true\"><\/p> <ul><\/ul><\/div>\n<form action=\"\/index.php\/wp-json\/wp\/v2\/pages\/2008#wpcf7-f5-o1\" method=\"post\" class=\"wpcf7-form init\" aria-label=\"Formulario de contacto\" novalidate=\"novalidate\" data-status=\"init\">\n<fieldset class=\"hidden-fields-container\"><input type=\"hidden\" name=\"_wpcf7\" value=\"5\" \/><input type=\"hidden\" name=\"_wpcf7_version\" value=\"6.1.5\" \/><input type=\"hidden\" name=\"_wpcf7_locale\" value=\"es_ES\" \/><input type=\"hidden\" name=\"_wpcf7_unit_tag\" value=\"wpcf7-f5-o1\" \/><input type=\"hidden\" name=\"_wpcf7_container_post\" value=\"0\" \/><input type=\"hidden\" name=\"_wpcf7_posted_data_hash\" value=\"\" \/>\n<\/fieldset>\n<p><label> Tu nombre<br \/>\n<span class=\"wpcf7-form-control-wrap\" data-name=\"your-name\"><input size=\"40\" maxlength=\"400\" class=\"wpcf7-form-control wpcf7-text wpcf7-validates-as-required\" autocomplete=\"name\" aria-required=\"true\" aria-invalid=\"false\" value=\"\" type=\"text\" name=\"your-name\" \/><\/span> <\/label>\n<\/p>\n<p><label> Tu correo electr\u00f3nico<br \/>\n<span class=\"wpcf7-form-control-wrap\" data-name=\"your-email\"><input size=\"40\" maxlength=\"400\" class=\"wpcf7-form-control wpcf7-email wpcf7-validates-as-required wpcf7-text wpcf7-validates-as-email\" autocomplete=\"email\" aria-required=\"true\" aria-invalid=\"false\" value=\"\" type=\"email\" name=\"your-email\" \/><\/span> <\/label>\n<\/p>\n<p><label> Asunto<br \/>\n<span class=\"wpcf7-form-control-wrap\" data-name=\"your-subject\"><input size=\"40\" maxlength=\"400\" class=\"wpcf7-form-control wpcf7-text wpcf7-validates-as-required\" aria-required=\"true\" aria-invalid=\"false\" value=\"\" type=\"text\" name=\"your-subject\" \/><\/span> <\/label>\n<\/p>\n<p><label> Tu mensaje (opcional)<br \/>\n<span class=\"wpcf7-form-control-wrap\" data-name=\"your-message\"><textarea cols=\"40\" rows=\"10\" maxlength=\"2000\" class=\"wpcf7-form-control wpcf7-textarea\" aria-invalid=\"false\" name=\"your-message\"><\/textarea><\/span> <\/label>\n<\/p>\n<p><input class=\"wpcf7-form-control wpcf7-submit has-spinner\" type=\"submit\" value=\"Enviar\" \/>\n<\/p><div class=\"wpcf7-response-output\" aria-hidden=\"true\"><\/div>\n<\/form>\n<\/div>\n[\/vc_column][\/vc_row]<\/p>\n<\/div>","protected":false},"excerpt":{"rendered":"<p>[vc_row css=\u00bb.vc_custom_1468808563451{padding-top: 100px !important;}\u00bb][vc_column][vc_column_text css=\u00bb\u00bb]VTC Tenis es un medio de comunicaci\u00f3n l\u00edder en el seguimiento del tenis en Chile, el que est\u00e1 dedicado a todo el acontecer tanto chileno como&hellip;<\/p>\n","protected":false},"author":1,"featured_media":0,"parent":0,"menu_order":0,"comment_status":"closed","ping_status":"open","template":"template-full-width.php","meta":{"footnotes":""},"class_list":["post-2008","page","type-page","status-publish","hentry"],"yoast_head":"<!-- This site is optimized with the Yoast SEO plugin v27.2 - https:\/\/yoast.com\/product\/yoast-seo-wordpress\/ -->\n<title>Contacto - VTC<\/title>\n<meta name=\"robots\" content=\"index, follow, max-snippet:-1, max-image-preview:large, max-video-preview:-1\" \/>\n<link rel=\"canonical\" href=\"https:\/\/vtctenis.com\/index.php\/contacto-vtc-tenis\/\" \/>\n<meta property=\"og:locale\" content=\"es_ES\" \/>\n<meta property=\"og:type\" content=\"article\" \/>\n<meta property=\"og:title\" content=\"Contacto - VTC\" \/>\n<meta property=\"og:description\" content=\"[vc_row css=\u00bb.vc_custom_1468808563451{padding-top: 100px !important;}\u00bb][vc_column][vc_column_text css=\u00bb\u00bb]VTC Tenis es un medio de comunicaci\u00f3n l\u00edder en el seguimiento del tenis en Chile, el que est\u00e1 dedicado a todo el acontecer tanto chileno como&hellip;\" \/>\n<meta property=\"og:url\" content=\"https:\/\/vtctenis.com\/index.php\/contacto-vtc-tenis\/\" \/>\n<meta property=\"og:site_name\" content=\"VTC\" \/>\n<meta property=\"article:modified_time\" content=\"2025-11-01T02:11:02+00:00\" \/>\n<meta name=\"twitter:card\" content=\"summary_large_image\" \/>\n<meta name=\"twitter:label1\" content=\"Tiempo de lectura\" \/>\n\t<meta name=\"twitter:data1\" content=\"1 minuto\" \/>\n<script type=\"application\/ld+json\" class=\"yoast-schema-graph\">{\"@context\":\"https:\/\/schema.org\",\"@graph\":[{\"@type\":\"WebPage\",\"@id\":\"https:\/\/vtctenis.com\/index.php\/contacto-vtc-tenis\/\",\"url\":\"https:\/\/vtctenis.com\/index.php\/contacto-vtc-tenis\/\",\"name\":\"Contacto - VTC\",\"isPartOf\":{\"@id\":\"https:\/\/vtctenis.com\/#website\"},\"datePublished\":\"2015-03-19T18:13:22+00:00\",\"dateModified\":\"2025-11-01T02:11:02+00:00\",\"breadcrumb\":{\"@id\":\"https:\/\/vtctenis.com\/index.php\/contacto-vtc-tenis\/#breadcrumb\"},\"inLanguage\":\"es\",\"potentialAction\":[{\"@type\":\"ReadAction\",\"target\":[\"https:\/\/vtctenis.com\/index.php\/contacto-vtc-tenis\/\"]}]},{\"@type\":\"BreadcrumbList\",\"@id\":\"https:\/\/vtctenis.com\/index.php\/contacto-vtc-tenis\/#breadcrumb\",\"itemListElement\":[{\"@type\":\"ListItem\",\"position\":1,\"name\":\"Portada\",\"item\":\"https:\/\/vtctenis.com\/\"},{\"@type\":\"ListItem\",\"position\":2,\"name\":\"Contacto\"}]},{\"@type\":\"WebSite\",\"@id\":\"https:\/\/vtctenis.com\/#website\",\"url\":\"https:\/\/vtctenis.com\/\",\"name\":\"VTC\",\"description\":\"\",\"potentialAction\":[{\"@type\":\"SearchAction\",\"target\":{\"@type\":\"EntryPoint\",\"urlTemplate\":\"https:\/\/vtctenis.com\/?s={search_term_string}\"},\"query-input\":{\"@type\":\"PropertyValueSpecification\",\"valueRequired\":true,\"valueName\":\"search_term_string\"}}],\"inLanguage\":\"es\"}]}<\/script>\n<!-- \/ Yoast SEO plugin. -->","yoast_head_json":{"title":"Contacto - VTC","robots":{"index":"index","follow":"follow","max-snippet":"max-snippet:-1","max-image-preview":"max-image-preview:large","max-video-preview":"max-video-preview:-1"},"canonical":"https:\/\/vtctenis.com\/index.php\/contacto-vtc-tenis\/","og_locale":"es_ES","og_type":"article","og_title":"Contacto - VTC","og_description":"[vc_row css=\u00bb.vc_custom_1468808563451{padding-top: 100px !important;}\u00bb][vc_column][vc_column_text css=\u00bb\u00bb]VTC Tenis es un medio de comunicaci\u00f3n l\u00edder en el seguimiento del tenis en Chile, el que est\u00e1 dedicado a todo el acontecer tanto chileno como&hellip;","og_url":"https:\/\/vtctenis.com\/index.php\/contacto-vtc-tenis\/","og_site_name":"VTC","article_modified_time":"2025-11-01T02:11:02+00:00","twitter_card":"summary_large_image","twitter_misc":{"Tiempo de lectura":"1 minuto"},"schema":{"@context":"https:\/\/schema.org","@graph":[{"@type":"WebPage","@id":"https:\/\/vtctenis.com\/index.php\/contacto-vtc-tenis\/","url":"https:\/\/vtctenis.com\/index.php\/contacto-vtc-tenis\/","name":"Contacto - VTC","isPartOf":{"@id":"https:\/\/vtctenis.com\/#website"},"datePublished":"2015-03-19T18:13:22+00:00","dateModified":"2025-11-01T02:11:02+00:00","breadcrumb":{"@id":"https:\/\/vtctenis.com\/index.php\/contacto-vtc-tenis\/#breadcrumb"},"inLanguage":"es","potentialAction":[{"@type":"ReadAction","target":["https:\/\/vtctenis.com\/index.php\/contacto-vtc-tenis\/"]}]},{"@type":"BreadcrumbList","@id":"https:\/\/vtctenis.com\/index.php\/contacto-vtc-tenis\/#breadcrumb","itemListElement":[{"@type":"ListItem","position":1,"name":"Portada","item":"https:\/\/vtctenis.com\/"},{"@type":"ListItem","position":2,"name":"Contacto"}]},{"@type":"WebSite","@id":"https:\/\/vtctenis.com\/#website","url":"https:\/\/vtctenis.com\/","name":"VTC","description":"","potentialAction":[{"@type":"SearchAction","target":{"@type":"EntryPoint","urlTemplate":"https:\/\/vtctenis.com\/?s={search_term_string}"},"query-input":{"@type":"PropertyValueSpecification","valueRequired":true,"valueName":"search_term_string"}}],"inLanguage":"es"}]}},"_links":{"self":[{"href":"https:\/\/vtctenis.com\/index.php\/wp-json\/wp\/v2\/pages\/2008","targetHints":{"allow":["GET"]}}],"collection":[{"href":"https:\/\/vtctenis.com\/index.php\/wp-json\/wp\/v2\/pages"}],"about":[{"href":"https:\/\/vtctenis.com\/index.php\/wp-json\/wp\/v2\/types\/page"}],"author":[{"embeddable":true,"href":"https:\/\/vtctenis.com\/index.php\/wp-json\/wp\/v2\/users\/1"}],"replies":[{"embeddable":true,"href":"https:\/\/vtctenis.com\/index.php\/wp-json\/wp\/v2\/comments?post=2008"}],"version-history":[{"count":4,"href":"https:\/\/vtctenis.com\/index.php\/wp-json\/wp\/v2\/pages\/2008\/revisions"}],"predecessor-version":[{"id":6126,"href":"https:\/\/vtctenis.com\/index.php\/wp-json\/wp\/v2\/pages\/2008\/revisions\/6126"}],"wp:attachment":[{"href":"https:\/\/vtctenis.com\/index.php\/wp-json\/wp\/v2\/media?parent=2008"}],"curies":[{"name":"wp","href":"https:\/\/api.w.org\/{rel}","templated":true}]}}